{"id":12,"date":"2020-08-16T11:24:29","date_gmt":"2020-08-16T09:24:29","guid":{"rendered":"http:\/\/omis.com.pl\/?page_id=12"},"modified":"2020-12-27T01:14:13","modified_gmt":"2020-12-27T00:14:13","slug":"finanse-i-controlling","status":"publish","type":"page","link":"http:\/\/omis.com.pl\/?page_id=12","title":{"rendered":"Finanse i controlling"},"content":{"rendered":"\t\t<div data-elementor-type=\"wp-page\" data-elementor-id=\"12\" class=\"elementor elementor-12\" data-elementor-settings=\"[]\">\n\t\t\t<div class=\"elementor-inner\">\n\t\t\t\t<div class=\"elementor-section-wrap\">\n\t\t\t\t\t\t\t<section class=\"elementor-element elementor-element-e5ebecc elementor-section-stretched elementor-section-full_width elementor-section-height-min-height elementor-section-items-stretch elementor-section-height-default elementor-section elementor-top-section\" data-id=\"e5ebecc\" data-element_type=\"section\" data-settings=\"{&quot;stretch_section&quot;:&quot;section-stretched&quot;,&quot;background_background&quot;:&quot;classic&quot;}\">\n\t\t\t\t\t\t<div class=\"elementor-container elementor-column-gap-default\">\n\t\t\t\t<div class=\"elementor-row\">\n\t\t\t\t<div class=\"elementor-element elementor-element-40476476 elementor-column elementor-col-100 elementor-top-column\" data-id=\"40476476\" data-element_type=\"column\" data-settings=\"{&quot;background_background&quot;:&quot;classic&quot;}\">\n\t\t\t<div class=\"elementor-column-wrap\">\n\t\t\t\t\t\t\t<div class=\"elementor-background-overlay\"><\/div>\n\t\t\t\t\t<div class=\"elementor-widget-wrap\">\n\t\t\t\t\t\t<\/div>\n\t\t\t<\/div>\n\t\t<\/div>\n\t\t\t\t\t\t<\/div>\n\t\t\t<\/div>\n\t\t<\/section>\n\t\t\t\t<section class=\"elementor-element elementor-element-646464ab elementor-section-content-middle elementor-section-boxed elementor-section-height-default elementor-section-height-default elementor-section elementor-top-section\" data-id=\"646464ab\" data-element_type=\"section\">\n\t\t\t\t\t\t<div class=\"elementor-container elementor-column-gap-no\">\n\t\t\t\t<div class=\"elementor-row\">\n\t\t\t\t<div class=\"elementor-element elementor-element-595a4d9c elementor-column elementor-col-100 elementor-top-column\" data-id=\"595a4d9c\" data-element_type=\"column\">\n\t\t\t<div class=\"elementor-column-wrap  elementor-element-populated\">\n\t\t\t\t\t<div class=\"elementor-widget-wrap\">\n\t\t\t\t<div class=\"elementor-element elementor-element-76a76ae6 elementor-widget elementor-widget-heading\" data-id=\"76a76ae6\" data-element_type=\"widget\" data-widget_type=\"heading.default\">\n\t\t\t\t<div class=\"elementor-widget-container\">\n\t\t\t<h4 class=\"elementor-heading-title elementor-size-default\">Finanse i controlling<\/h4>\t\t<\/div>\n\t\t\t\t<\/div>\n\t\t\t\t<div class=\"elementor-element elementor-element-47285b01 elementor-widget elementor-widget-heading\" data-id=\"47285b01\" data-element_type=\"widget\" data-widget_type=\"heading.default\">\n\t\t\t\t<div class=\"elementor-widget-container\">\n\t\t\t<h5 class=\"elementor-heading-title elementor-size-default\">Oferta us\u0142ug<\/h5>\t\t<\/div>\n\t\t\t\t<\/div>\n\t\t\t\t<div class=\"elementor-element elementor-element-45d5b170 elementor-widget elementor-widget-toggle\" data-id=\"45d5b170\" data-element_type=\"widget\" data-widget_type=\"toggle.default\">\n\t\t\t\t<div class=\"elementor-widget-container\">\n\t\t\t\t\t<div class=\"elementor-toggle\" role=\"tablist\">\n\t\t\t\t\t\t\t<div class=\"elementor-toggle-item\">\n\t\t\t\t\t<div id=\"elementor-tab-title-1171\" class=\"elementor-tab-title\" data-tab=\"1\" role=\"tab\" aria-controls=\"elementor-tab-content-1171\">\n\t\t\t\t\t\t\t\t\t\t\t\t<span class=\"elementor-toggle-icon elementor-toggle-icon-right\" aria-hidden=\"true\">\n\t\t\t\t\t\t\t\t\t\t\t\t\t\t\t<span class=\"elementor-toggle-icon-closed\"><i class=\"fas fa-caret-right\"><\/i><\/span>\n\t\t\t\t\t\t\t\t<span class=\"elementor-toggle-icon-opened\"><i class=\"elementor-toggle-icon-opened fas fa-caret-up\"><\/i><\/span>\n\t\t\t\t\t\t\t\t\t\t\t\t\t<\/span>\n\t\t\t\t\t\t\t\t\t\t\t\t<a href=\"\" class=\"elementor-toggle-title\">Przegl\u0105d finans\u00f3w i ksi\u0119gowo\u015bci<\/a>\n\t\t\t\t\t<\/div>\n\t\t\t\t\t<div id=\"elementor-tab-content-1171\" class=\"elementor-tab-content elementor-clearfix\" data-tab=\"1\" role=\"tabpanel\" aria-labelledby=\"elementor-tab-title-1171\"><p>Najcz\u0119\u015bciej jest to pierwszy i podstawowy etap pracy:<\/p><ul><li>wyszukujemy mocne i s\u0142abe punkty w dotychczasowym zarz\u0105dzaniu finansami<\/li><li>przedstawiamy propozycje mniejszych lub wi\u0119kszych zmian w obszarze finansowym<\/li><li>sprawdzamy w jakim stopniu ksi\u0119gowo\u015b\u0107 wspiera zarz\u0105dzanie firm\u0105<\/li><li>proponujemy zmiany w ksi\u0119gowo\u015bci i w innych rejestracjach danych<\/li><li>ustalamy priorytety i kolejno\u015b\u0107 dzia\u0142a\u0144 (np. nowy model bud\u017cetu na kolejny rok, nast\u0119pnie zmiany w ksi\u0119gowo\u015bci na prze\u0142omie roku, nast\u0119pnie nowe raporty kosztowe, itp.)<\/li><\/ul><\/div>\n\t\t\t\t<\/div>\n\t\t\t\t\t<\/div>\n\t\t\t\t<\/div>\n\t\t\t\t<\/div>\n\t\t\t\t<div class=\"elementor-element elementor-element-779c17a elementor-widget elementor-widget-toggle\" data-id=\"779c17a\" data-element_type=\"widget\" data-widget_type=\"toggle.default\">\n\t\t\t\t<div class=\"elementor-widget-container\">\n\t\t\t\t\t<div class=\"elementor-toggle\" role=\"tablist\">\n\t\t\t\t\t\t\t<div class=\"elementor-toggle-item\">\n\t\t\t\t\t<div id=\"elementor-tab-title-1251\" class=\"elementor-tab-title\" data-tab=\"1\" role=\"tab\" aria-controls=\"elementor-tab-content-1251\">\n\t\t\t\t\t\t\t\t\t\t\t\t<span class=\"elementor-toggle-icon elementor-toggle-icon-right\" aria-hidden=\"true\">\n\t\t\t\t\t\t\t\t\t\t\t\t\t\t\t<span class=\"elementor-toggle-icon-closed\"><i class=\"fas fa-caret-right\"><\/i><\/span>\n\t\t\t\t\t\t\t\t<span class=\"elementor-toggle-icon-opened\"><i class=\"elementor-toggle-icon-opened fas fa-caret-up\"><\/i><\/span>\n\t\t\t\t\t\t\t\t\t\t\t\t\t<\/span>\n\t\t\t\t\t\t\t\t\t\t\t\t<a href=\"\" class=\"elementor-toggle-title\">Planowanie i bud\u017cetowanie<\/a>\n\t\t\t\t\t<\/div>\n\t\t\t\t\t<div id=\"elementor-tab-content-1251\" class=\"elementor-tab-content elementor-clearfix\" data-tab=\"1\" role=\"tabpanel\" aria-labelledby=\"elementor-tab-title-1251\"><p>Bud\u017cet lub plan finansowy okre\u015bla kierunki rozwoju firmy na przysz\u0142y rok lub na kilka lat:<\/p><ul><li>koordynujemy dzia\u0142ania wszystkich dzia\u0142\u00f3w firmy, \u017ceby wszyscy &#8220;grali do jednej bramki&#8221;<\/li><li>wskazujemy konkretne cele dla kierownik\u00f3w, dzia\u0142\u00f3w i ca\u0142ej firmy<\/li><li>ustalamy zapotrzebowanie na r\u00f3\u017cne formy finansowania (kredyty, leasingi) , a w przypadku firm sezonowych ustalamy jak\u0105 nadwy\u017ck\u0119 trzeba wygenerowa\u0107 w miesi\u0105cach &#8220;t\u0142ustych&#8221; aby przetrwa\u0107 miesi\u0105ce &#8220;chude&#8221;<\/li><li>pracujemy tak, aby bud\u017cet \/ plan mia\u0142 mo\u017cliwo\u015b\u0107 \u0142atwej aktualizacji lub ca\u0142kowitego przekalkulowania w przypadku wyst\u0105pienia istotnych zmian w firmie lub w jej otoczeniu<\/li><li>bardzo przydatnym narz\u0119dziem jest plan wieloletni \/ strategia, szczeg\u00f3lnie w przypadku firm prowadz\u0105cych du\u017ce inwestycje, fuzje i przej\u0119cia, d\u0142ugoterminowe projekty<\/li><\/ul><\/div>\n\t\t\t\t<\/div>\n\t\t\t\t\t<\/div>\n\t\t\t\t<\/div>\n\t\t\t\t<\/div>\n\t\t\t\t<div class=\"elementor-element elementor-element-147a94a elementor-widget elementor-widget-toggle\" data-id=\"147a94a\" data-element_type=\"widget\" data-widget_type=\"toggle.default\">\n\t\t\t\t<div class=\"elementor-widget-container\">\n\t\t\t\t\t<div class=\"elementor-toggle\" role=\"tablist\">\n\t\t\t\t\t\t\t<div class=\"elementor-toggle-item\">\n\t\t\t\t\t<div id=\"elementor-tab-title-2141\" class=\"elementor-tab-title\" data-tab=\"1\" role=\"tab\" aria-controls=\"elementor-tab-content-2141\">\n\t\t\t\t\t\t\t\t\t\t\t\t<span class=\"elementor-toggle-icon elementor-toggle-icon-right\" aria-hidden=\"true\">\n\t\t\t\t\t\t\t\t\t\t\t\t\t\t\t<span class=\"elementor-toggle-icon-closed\"><i class=\"fas fa-caret-right\"><\/i><\/span>\n\t\t\t\t\t\t\t\t<span class=\"elementor-toggle-icon-opened\"><i class=\"elementor-toggle-icon-opened fas fa-caret-up\"><\/i><\/span>\n\t\t\t\t\t\t\t\t\t\t\t\t\t<\/span>\n\t\t\t\t\t\t\t\t\t\t\t\t<a href=\"\" class=\"elementor-toggle-title\">Analizy finansowe i biznesowe<\/a>\n\t\t\t\t\t<\/div>\n\t\t\t\t\t<div id=\"elementor-tab-content-2141\" class=\"elementor-tab-content elementor-clearfix\" data-tab=\"1\" role=\"tabpanel\" aria-labelledby=\"elementor-tab-title-2141\"><p>Analizy finansowe \/ biznesowe zwracaj\u0105 uwag\u0119 na mocne i s\u0142abe strony firmy, wybranego obszaru firmy lub konkretnego tematu:<\/p><ul><li>opracowujemy analizy opisowe z wnioskami i propozycjami dzia\u0142a\u0144 w przysz\u0142o\u015bci<\/li><li>w ramach analiz zawsze wyja\u015bniamy przyczyny (np. spadku rentowno\u015bci, zmian koszt\u00f3w, blokady rozwoju firmy lub jakiego\u015b obszaru, powstawania &#8220;w\u0105skich garde\u0142&#8221;)<\/li><li>zawsze staramy si\u0119 wykonywa\u0107 analizy w kontakcie z szefem danego tematu (np. produkcja, logistyka, ksi\u0119gowo\u015b\u0107), nigdy nie przedstawiamy tylko suchych liczb i wska\u017anik\u00f3w<\/li><li>analizy cz\u0119sto zawieraj\u0105 element prognostyczny, czyli propozycje co nale\u017cy zrobi\u0107 + kalkulacje efekt\u00f3w finansowych tych zmian<\/li><\/ul><\/div>\n\t\t\t\t<\/div>\n\t\t\t\t\t<\/div>\n\t\t\t\t<\/div>\n\t\t\t\t<\/div>\n\t\t\t\t<div class=\"elementor-element elementor-element-2ed0a5b elementor-widget elementor-widget-toggle\" data-id=\"2ed0a5b\" data-element_type=\"widget\" data-widget_type=\"toggle.default\">\n\t\t\t\t<div class=\"elementor-widget-container\">\n\t\t\t\t\t<div class=\"elementor-toggle\" role=\"tablist\">\n\t\t\t\t\t\t\t<div class=\"elementor-toggle-item\">\n\t\t\t\t\t<div id=\"elementor-tab-title-4901\" class=\"elementor-tab-title\" data-tab=\"1\" role=\"tab\" aria-controls=\"elementor-tab-content-4901\">\n\t\t\t\t\t\t\t\t\t\t\t\t<span class=\"elementor-toggle-icon elementor-toggle-icon-right\" aria-hidden=\"true\">\n\t\t\t\t\t\t\t\t\t\t\t\t\t\t\t<span class=\"elementor-toggle-icon-closed\"><i class=\"fas fa-caret-right\"><\/i><\/span>\n\t\t\t\t\t\t\t\t<span class=\"elementor-toggle-icon-opened\"><i class=\"elementor-toggle-icon-opened fas fa-caret-up\"><\/i><\/span>\n\t\t\t\t\t\t\t\t\t\t\t\t\t<\/span>\n\t\t\t\t\t\t\t\t\t\t\t\t<a href=\"\" class=\"elementor-toggle-title\">Kalkulacja mar\u017c<\/a>\n\t\t\t\t\t<\/div>\n\t\t\t\t\t<div id=\"elementor-tab-content-4901\" class=\"elementor-tab-content elementor-clearfix\" data-tab=\"1\" role=\"tabpanel\" aria-labelledby=\"elementor-tab-title-4901\"><p>W ka\u017cdej firmie mar\u017ce s\u0105 tematem priorytetowym i jednocze\u015bnie skomplikowanym:<\/p><ul><li>poziomy wyliczania mar\u017c (po kosztach bezpo\u015brednich, po\u015brednich, og\u00f3lnych) ustalamy dla ka\u017cdej firmy oddzielnie<\/li><li>klucze podzia\u0142u koszt\u00f3w (lub no\u015bniki, wyceny proces\u00f3w) r\u00f3wnie\u017c wybieramy dla ka\u017cdej firmy indywidualnie<\/li><li>bardzo wa\u017cne jest dla nas aby kalkulacja mar\u017c szybko reagowa\u0142a na wszelkie zmiany w firmie (zmiany koszt\u00f3w, zmiany proces\u00f3w), czyli jak najmniej &#8220;sta\u0142ych cyfr&#8221;<\/li><li>zawsze w kalkulacji mar\u017c staramy si\u0119 uj\u0105\u0107 wszystkie koszty firmy, \u0142\u0105cznie z kosztami administracyjnymi, zarz\u0105dem, ksi\u0119gowo\u015bci\u0105, odsetkami, itp.<\/li><li>na podstawie modelu kalkulacji mar\u017c opracowujemy te\u017c kalkulatory cen (katalogowych, ofertowych) i inne narz\u0119dzia cenowe<\/li><\/ul><\/div>\n\t\t\t\t<\/div>\n\t\t\t\t\t<\/div>\n\t\t\t\t<\/div>\n\t\t\t\t<\/div>\n\t\t\t\t<div class=\"elementor-element elementor-element-0a0e091 elementor-widget elementor-widget-toggle\" data-id=\"0a0e091\" data-element_type=\"widget\" data-widget_type=\"toggle.default\">\n\t\t\t\t<div class=\"elementor-widget-container\">\n\t\t\t\t\t<div class=\"elementor-toggle\" role=\"tablist\">\n\t\t\t\t\t\t\t<div class=\"elementor-toggle-item\">\n\t\t\t\t\t<div id=\"elementor-tab-title-1051\" class=\"elementor-tab-title\" data-tab=\"1\" role=\"tab\" aria-controls=\"elementor-tab-content-1051\">\n\t\t\t\t\t\t\t\t\t\t\t\t<span class=\"elementor-toggle-icon elementor-toggle-icon-right\" aria-hidden=\"true\">\n\t\t\t\t\t\t\t\t\t\t\t\t\t\t\t<span class=\"elementor-toggle-icon-closed\"><i class=\"fas fa-caret-right\"><\/i><\/span>\n\t\t\t\t\t\t\t\t<span class=\"elementor-toggle-icon-opened\"><i class=\"elementor-toggle-icon-opened fas fa-caret-up\"><\/i><\/span>\n\t\t\t\t\t\t\t\t\t\t\t\t\t<\/span>\n\t\t\t\t\t\t\t\t\t\t\t\t<a href=\"\" class=\"elementor-toggle-title\">Raportowanie zarz\u0105dcze<\/a>\n\t\t\t\t\t<\/div>\n\t\t\t\t\t<div id=\"elementor-tab-content-1051\" class=\"elementor-tab-content elementor-clearfix\" data-tab=\"1\" role=\"tabpanel\" aria-labelledby=\"elementor-tab-title-1051\"><p>Raportowanie zarz\u0105dcze to podstawa controllingu:<\/p><ul><li>zajmujemy si\u0119 zar\u00f3wno projektowaniem systemu raportowania, jak i sta\u0142ym, regularnym wykonywaniem raport\u00f3w<\/li><li>opracowujemy zestawy raport\u00f3w w podziale na tematy \u2013 sprzeda\u017c, mar\u017ce, koszty dzia\u0142\u00f3w, produkcja, logistyka, wykonanie bud\u017cetu, p\u0142ynno\u015b\u0107, nale\u017cno\u015bci, itp.<\/li><li>staramy si\u0119 nie komplikowa\u0107 nadmiernie wska\u017anik\u00f3w i zawarto\u015bci raport\u00f3w, wed\u0142ug nas raporty maj\u0105 by\u0107 czytelne i konkretne<\/li><li>zawsze dbamy o pe\u0142n\u0105 sp\u00f3jno\u015b\u0107 danych w raportach i zgodno\u015b\u0107 z ksi\u0119gowo\u015bci\u0105, staramy si\u0119 \u017ceby controlling i ksi\u0119gowo\u015b\u0107 nie zaprzecza\u0142y sobie wzajemnie<\/li><li>unikanie nadmiernej komplikacji i zgodno\u015b\u0107 z ksi\u0119gowo\u015bci\u0105 s\u0105 podstaw\u0105 stabilno\u015bci i por\u00f3wnywalno\u015bci w czasie naszych raport\u00f3w<\/li><\/ul><\/div>\n\t\t\t\t<\/div>\n\t\t\t\t\t<\/div>\n\t\t\t\t<\/div>\n\t\t\t\t<\/div>\n\t\t\t\t<div class=\"elementor-element elementor-element-edfddef elementor-widget elementor-widget-toggle\" data-id=\"edfddef\" data-element_type=\"widget\" data-widget_type=\"toggle.default\">\n\t\t\t\t<div class=\"elementor-widget-container\">\n\t\t\t\t\t<div class=\"elementor-toggle\" role=\"tablist\">\n\t\t\t\t\t\t\t<div class=\"elementor-toggle-item\">\n\t\t\t\t\t<div id=\"elementor-tab-title-2491\" class=\"elementor-tab-title\" data-tab=\"1\" role=\"tab\" aria-controls=\"elementor-tab-content-2491\">\n\t\t\t\t\t\t\t\t\t\t\t\t<span class=\"elementor-toggle-icon elementor-toggle-icon-right\" aria-hidden=\"true\">\n\t\t\t\t\t\t\t\t\t\t\t\t\t\t\t<span class=\"elementor-toggle-icon-closed\"><i class=\"fas fa-caret-right\"><\/i><\/span>\n\t\t\t\t\t\t\t\t<span class=\"elementor-toggle-icon-opened\"><i class=\"elementor-toggle-icon-opened fas fa-caret-up\"><\/i><\/span>\n\t\t\t\t\t\t\t\t\t\t\t\t\t<\/span>\n\t\t\t\t\t\t\t\t\t\t\t\t<a href=\"\" class=\"elementor-toggle-title\">Konsolidacja zarz\u0105dcza kilku firm<\/a>\n\t\t\t\t\t<\/div>\n\t\t\t\t\t<div id=\"elementor-tab-content-2491\" class=\"elementor-tab-content elementor-clearfix\" data-tab=\"1\" role=\"tabpanel\" aria-labelledby=\"elementor-tab-title-2491\"><p>Aktualnie to jedno z wa\u017cniejszych zada\u0144 dla controllingu:<\/p><ul><li>bardzo cz\u0119sto jeden realny biznes sk\u0142ada si\u0119 z kilku podmiot\u00f3w prawnych<\/li><li>konsolidacja ksi\u0119gowo-sprawozdawcza jest niewystarczaj\u0105ca lub nawet nie jest prowadzona<\/li><li>proponujemy rozwi\u0105zania do monitorowania transakcji wzajemnych i eliminowania ich wp\u0142ywu na wyniki, mar\u017ce i wska\u017aniki<\/li><li>wykluczanie transakcji wzajemnych (i innych pozycji) musi odbywa\u0107 si\u0119 na bardzo szczeg\u00f3\u0142owym poziomie \u2013 faktura, nota, najg\u0142\u0119bsza analityka ksi\u0119gowa<\/li><li>rozwi\u0105zania takie mog\u0105 by\u0107 wprowadzane w ramach ksi\u0119gowo\u015bci (odpowiednie schematy) lub poza ksi\u0119gami (Excel, BI)<\/li><\/ul><\/div>\n\t\t\t\t<\/div>\n\t\t\t\t\t<\/div>\n\t\t\t\t<\/div>\n\t\t\t\t<\/div>\n\t\t\t\t<div class=\"elementor-element elementor-element-bb7b46b elementor-widget elementor-widget-toggle\" data-id=\"bb7b46b\" data-element_type=\"widget\" data-widget_type=\"toggle.default\">\n\t\t\t\t<div class=\"elementor-widget-container\">\n\t\t\t\t\t<div class=\"elementor-toggle\" role=\"tablist\">\n\t\t\t\t\t\t\t<div class=\"elementor-toggle-item\">\n\t\t\t\t\t<div id=\"elementor-tab-title-1961\" class=\"elementor-tab-title\" data-tab=\"1\" role=\"tab\" aria-controls=\"elementor-tab-content-1961\">\n\t\t\t\t\t\t\t\t\t\t\t\t<span class=\"elementor-toggle-icon elementor-toggle-icon-right\" aria-hidden=\"true\">\n\t\t\t\t\t\t\t\t\t\t\t\t\t\t\t<span class=\"elementor-toggle-icon-closed\"><i class=\"fas fa-caret-right\"><\/i><\/span>\n\t\t\t\t\t\t\t\t<span class=\"elementor-toggle-icon-opened\"><i class=\"elementor-toggle-icon-opened fas fa-caret-up\"><\/i><\/span>\n\t\t\t\t\t\t\t\t\t\t\t\t\t<\/span>\n\t\t\t\t\t\t\t\t\t\t\t\t<a href=\"\" class=\"elementor-toggle-title\">Biznesplany i analizy projekt\u00f3w<\/a>\n\t\t\t\t\t<\/div>\n\t\t\t\t\t<div id=\"elementor-tab-content-1961\" class=\"elementor-tab-content elementor-clearfix\" data-tab=\"1\" role=\"tabpanel\" aria-labelledby=\"elementor-tab-title-1961\"><p>Zadania jednorazowe, kt\u00f3rych celem jest skalkulowanie i przeanalizowanie konkretnego przypadku biznesowego lub inwestycji:<\/p><ul><li>wykonujemy biznesplany na potrzeby wewn\u0119trzne (podj\u0119cie decyzji o inwestycji, fuzji \/ przej\u0119ciu, nowym rynku, itp.) i dla odbiorc\u00f3w zewn\u0119trznych (banki, inwestorzy)<\/li><li>nasz biznesplan to tabele finansowe (bilans, wyniki, cash flow, wska\u017aniki), ale te\u017c konkretna i przekonuj\u0105ca cz\u0119\u015b\u0107 analityczna z opisem<\/li><li>reprezentujemy firmy przed bankami, firmami leasingowymi, inwestorami, funduszami, po\u015brednikami inwestycyjnymi, itp.<\/li><\/ul><\/div>\n\t\t\t\t<\/div>\n\t\t\t\t\t<\/div>\n\t\t\t\t<\/div>\n\t\t\t\t<\/div>\n\t\t\t\t<div class=\"elementor-element elementor-element-71d41a2 elementor-widget elementor-widget-toggle\" data-id=\"71d41a2\" data-element_type=\"widget\" data-widget_type=\"toggle.default\">\n\t\t\t\t<div class=\"elementor-widget-container\">\n\t\t\t\t\t<div class=\"elementor-toggle\" role=\"tablist\">\n\t\t\t\t\t\t\t<div class=\"elementor-toggle-item\">\n\t\t\t\t\t<div id=\"elementor-tab-title-1191\" class=\"elementor-tab-title\" data-tab=\"1\" role=\"tab\" aria-controls=\"elementor-tab-content-1191\">\n\t\t\t\t\t\t\t\t\t\t\t\t<span class=\"elementor-toggle-icon elementor-toggle-icon-right\" aria-hidden=\"true\">\n\t\t\t\t\t\t\t\t\t\t\t\t\t\t\t<span class=\"elementor-toggle-icon-closed\"><i class=\"fas fa-caret-right\"><\/i><\/span>\n\t\t\t\t\t\t\t\t<span class=\"elementor-toggle-icon-opened\"><i class=\"elementor-toggle-icon-opened fas fa-caret-up\"><\/i><\/span>\n\t\t\t\t\t\t\t\t\t\t\t\t\t<\/span>\n\t\t\t\t\t\t\t\t\t\t\t\t<a href=\"\" class=\"elementor-toggle-title\">Analiza wska\u017anikowa firm<\/a>\n\t\t\t\t\t<\/div>\n\t\t\t\t\t<div id=\"elementor-tab-content-1191\" class=\"elementor-tab-content elementor-clearfix\" data-tab=\"1\" role=\"tabpanel\" aria-labelledby=\"elementor-tab-title-1191\"><p>Na podstawie oficjalnych sprawozda\u0144 finansowych (np. z KRS) badamy finanse firm:<\/p><ul><li>analizujemy firmy konkurencyjne \u2013 dynamika sprzeda\u017cy, rentowno\u015b\u0107, maj\u0105tek trwa\u0142y i inwestycje, zestawy wska\u017anik\u00f3w dla danej bran\u017cy<\/li><li>analizujemy dostawc\u00f3w i klient\u00f3w (np. top10 sprzeda\u017cy, dostawcy kluczowych materia\u0142\u00f3w) \u2013 stabilno\u015b\u0107 finansowa, wzrosty \/ spadki sprzeda\u017cy, potencja\u0142 rozwoju<\/li><li>analizy firm wykonujemy razem z cz\u0119\u015bci\u0105 opisow\u0105 i wnioskami (np. w celu zaprezentowania ca\u0142ej bran\u017cy lub segmentu rynku)<\/li><\/ul><\/div>\n\t\t\t\t<\/div>\n\t\t\t\t\t<\/div>\n\t\t\t\t<\/div>\n\t\t\t\t<\/div>\n\t\t\t\t<div class=\"elementor-element elementor-element-f0b6845 elementor-widget elementor-widget-toggle\" data-id=\"f0b6845\" data-element_type=\"widget\" data-widget_type=\"toggle.default\">\n\t\t\t\t<div class=\"elementor-widget-container\">\n\t\t\t\t\t<div class=\"elementor-toggle\" role=\"tablist\">\n\t\t\t\t\t\t\t<div class=\"elementor-toggle-item\">\n\t\t\t\t\t<div id=\"elementor-tab-title-2521\" class=\"elementor-tab-title\" data-tab=\"1\" role=\"tab\" aria-controls=\"elementor-tab-content-2521\">\n\t\t\t\t\t\t\t\t\t\t\t\t<span class=\"elementor-toggle-icon elementor-toggle-icon-right\" aria-hidden=\"true\">\n\t\t\t\t\t\t\t\t\t\t\t\t\t\t\t<span class=\"elementor-toggle-icon-closed\"><i class=\"fas fa-caret-right\"><\/i><\/span>\n\t\t\t\t\t\t\t\t<span class=\"elementor-toggle-icon-opened\"><i class=\"elementor-toggle-icon-opened fas fa-caret-up\"><\/i><\/span>\n\t\t\t\t\t\t\t\t\t\t\t\t\t<\/span>\n\t\t\t\t\t\t\t\t\t\t\t\t<a href=\"\" class=\"elementor-toggle-title\">Doradztwo w finansach<\/a>\n\t\t\t\t\t<\/div>\n\t\t\t\t\t<div id=\"elementor-tab-content-2521\" class=\"elementor-tab-content elementor-clearfix\" data-tab=\"1\" role=\"tabpanel\" aria-labelledby=\"elementor-tab-title-2521\"><p>W ka\u017cdym przypadku doradzamy firmie w zakresie finans\u00f3w i zarz\u0105dzania:<\/p><ul><li>optymalizacje koszt\u00f3w i zmiany organizacyjne, w tym restrukturyzacje firm<\/li><li>zwi\u0119kszanie rentowno\u015bci (wydajno\u015b\u0107, poprawa proces\u00f3w, alokacja zasob\u00f3w)<\/li><li>okre\u015blenie strategii rozwoju i czynnik\u00f3w kluczowych dla powodzenia tej strategii<\/li><li>projekty rozwojowe i inwestycje, w tym fuzje \/ przej\u0119cia, budowanie grupy kapita\u0142owej, outsourcing<\/li><li>zarz\u0105dzanie w sytuacjach nadzwyczajnych (np. pandemia w 2020), bud\u017cety postojowe, r\u00f3\u017cne warianty ci\u0105g\u0142o\u015bci biznesu, utrzymanie kadry<\/li><li>pozyskanie finansowania (kontakty z bankami, firmami leasingowymi) lub kontakty z potencjalnym \/ obecnym inwestorem<\/li><li>wyb\u00f3r i wdro\u017cenia system\u00f3w informatycznych, przede wszystkim w obszarach finanse \/ ksi\u0119gowo\u015b\u0107 \/ controlling<\/li><\/ul><\/div>\n\t\t\t\t<\/div>\n\t\t\t\t\t<\/div>\n\t\t\t\t<\/div>\n\t\t\t\t<\/div>\n\t\t\t\t\t\t<\/div>\n\t\t\t<\/div>\n\t\t<\/div>\n\t\t\t\t\t\t<\/div>\n\t\t\t<\/div>\n\t\t<\/section>\n\t\t\t\t\t\t<\/div>\n\t\t\t<\/div>\n\t\t<\/div>\n\t\t","protected":false},"excerpt":{"rendered":"<p>Finanse i controlling Oferta us\u0142ug Przegl\u0105d finans\u00f3w i ksi\u0119gowo\u015bci Najcz\u0119\u015bciej jest to pierwszy i podstawowy etap pracy: wyszukujemy mocne i s\u0142abe punkty w dotychczasowym zarz\u0105dzaniu finansami przedstawiamy propozycje mniejszych lub wi\u0119kszych zmian w obszarze finansowym sprawdzamy w jakim stopniu ksi\u0119gowo\u015b\u0107 wspiera zarz\u0105dzanie firm\u0105 proponujemy zmiany w ksi\u0119gowo\u015bci i w innych rejestracjach danych ustalamy priorytety i&#8230;<\/p>\n","protected":false},"author":1,"featured_media":0,"parent":0,"menu_order":0,"comment_status":"closed","ping_status":"closed","template":"","meta":[],"yoast_head":"<!-- This site is optimized with the Yoast SEO plugin v14.7 - https:\/\/yoast.com\/wordpress\/plugins\/seo\/ -->\n<title>Finanse i controlling - OMIS CONTROLLING<\/title>\n<meta name=\"robots\" content=\"index, follow\" \/>\n<meta name=\"googlebot\" content=\"index, follow, max-snippet:-1, max-image-preview:large, max-video-preview:-1\" \/>\n<meta name=\"bingbot\" content=\"index, follow, max-snippet:-1, max-image-preview:large, max-video-preview:-1\" \/>\n<link rel=\"canonical\" href=\"http:\/\/omis.com.pl\/?page_id=12\" \/>\n<meta property=\"og:locale\" content=\"en_US\" \/>\n<meta property=\"og:type\" content=\"article\" \/>\n<meta property=\"og:title\" content=\"Finanse i controlling - OMIS CONTROLLING\" \/>\n<meta property=\"og:description\" content=\"Finanse i controlling Oferta us\u0142ug Przegl\u0105d finans\u00f3w i ksi\u0119gowo\u015bci Najcz\u0119\u015bciej jest to pierwszy i podstawowy etap pracy: wyszukujemy mocne i s\u0142abe punkty w dotychczasowym zarz\u0105dzaniu finansami przedstawiamy propozycje mniejszych lub wi\u0119kszych zmian w obszarze finansowym sprawdzamy w jakim stopniu ksi\u0119gowo\u015b\u0107 wspiera zarz\u0105dzanie firm\u0105 proponujemy zmiany w ksi\u0119gowo\u015bci i w innych rejestracjach danych ustalamy priorytety i...\" \/>\n<meta property=\"og:url\" content=\"http:\/\/omis.com.pl\/?page_id=12\" \/>\n<meta property=\"og:site_name\" content=\"OMIS CONTROLLING\" \/>\n<meta property=\"article:modified_time\" content=\"2020-12-27T00:14:13+00:00\" \/>\n<meta name=\"twitter:card\" content=\"summary_large_image\" \/>\n<script type=\"application\/ld+json\" class=\"yoast-schema-graph\">{\"@context\":\"https:\/\/schema.org\",\"@graph\":[{\"@type\":\"WebSite\",\"@id\":\"http:\/\/omis.com.pl\/#website\",\"url\":\"http:\/\/omis.com.pl\/\",\"name\":\"OMIS CONTROLLING\",\"description\":\"analizy, finanse i controlling\",\"potentialAction\":[{\"@type\":\"SearchAction\",\"target\":\"http:\/\/omis.com.pl\/?s={search_term_string}\",\"query-input\":\"required name=search_term_string\"}],\"inLanguage\":\"en-US\"},{\"@type\":\"WebPage\",\"@id\":\"http:\/\/omis.com.pl\/?page_id=12#webpage\",\"url\":\"http:\/\/omis.com.pl\/?page_id=12\",\"name\":\"Finanse i controlling - OMIS CONTROLLING\",\"isPartOf\":{\"@id\":\"http:\/\/omis.com.pl\/#website\"},\"datePublished\":\"2020-08-16T09:24:29+00:00\",\"dateModified\":\"2020-12-27T00:14:13+00:00\",\"inLanguage\":\"en-US\",\"potentialAction\":[{\"@type\":\"ReadAction\",\"target\":[\"http:\/\/omis.com.pl\/?page_id=12\"]}]}]}<\/script>\n<!-- \/ Yoast SEO plugin. -->","_links":{"self":[{"href":"http:\/\/omis.com.pl\/index.php?rest_route=\/wp\/v2\/pages\/12"}],"collection":[{"href":"http:\/\/omis.com.pl\/index.php?rest_route=\/wp\/v2\/pages"}],"about":[{"href":"http:\/\/omis.com.pl\/index.php?rest_route=\/wp\/v2\/types\/page"}],"author":[{"embeddable":true,"href":"http:\/\/omis.com.pl\/index.php?rest_route=\/wp\/v2\/users\/1"}],"replies":[{"embeddable":true,"href":"http:\/\/omis.com.pl\/index.php?rest_route=%2Fwp%2Fv2%2Fcomments&post=12"}],"version-history":[{"count":22,"href":"http:\/\/omis.com.pl\/index.php?rest_route=\/wp\/v2\/pages\/12\/revisions"}],"predecessor-version":[{"id":434,"href":"http:\/\/omis.com.pl\/index.php?rest_route=\/wp\/v2\/pages\/12\/revisions\/434"}],"wp:attachment":[{"href":"http:\/\/omis.com.pl\/index.php?rest_route=%2Fwp%2Fv2%2Fmedia&parent=12"}],"curies":[{"name":"wp","href":"https:\/\/api.w.org\/{rel}","templated":true}]}}